{"id":1314,"date":"2018-07-25T16:01:26","date_gmt":"2018-07-25T07:01:26","guid":{"rendered":"https:\/\/nagomitorget.com\/?page_id=1314"},"modified":"2022-04-07T18:10:32","modified_gmt":"2022-04-07T09:10:32","slug":"home","status":"publish","type":"page","link":"https:\/\/nagomitorget.com\/","title":{"rendered":"Hem"},"content":{"rendered":"<div id=\"pl-1314\"  class=\"panel-layout\" ><div id=\"pg-1314-0\"  class=\"panel-grid panel-has-style\" ><div class=\"siteorigin-panels-stretch panel-row-style panel-row-style-for-1314-0\" data-stretch-type=\"full-stretched\" ><div id=\"pgc-1314-0-0\"  class=\"panel-grid-cell\" ><div id=\"panel-1314-0-0-0\" class=\"so-panel widget widget_themegrill_flash_slider tg-section tg-slider-widget panel-first-child panel-last-child\" data-index=\"0\" ><div class=\"tg-slider-widget slider-light slider-content-center slider-control-center full-width\">\n\t<div class=\"swiper-container\">\n\t\t<div class=\"swiper-wrapper\">\n\t\t\t\n\t\t\t\t\t<div class=\"swiper-slide\">\n\t\t\t\t\t\t<figure class=\"slider-image\" >\n\t\t\t\t\t\t\t<img width=\"1507\" height=\"504\"\t\t\t\t\t\t\t\t\tsrc=\"https:\/\/nagomitorget.com\/wp-content\/uploads\/2018\/08\/jizo-1976581_1920-e1534750663537.jpg\"\n\t\t\t\t\t\t\t\t\talt=\"Kropp och sj\u00e4l, f\u00f6r ditt h\u00e4lsosamt liv\"\n\t\t\t\t\t\t\t\t\ttitle=\"Kropp och sj\u00e4l, f\u00f6r ditt h\u00e4lsosamt liv\"\/>\n\t\t\t\t\t\t\t<div class=\"overlay\"><\/div>\n\t\t\t\t\t\t<\/figure>\n\t\t\t\t\t\t<div class=\"slider-content\">\n\t\t\t\t\t\t\t<div class=\"tg-container\">\n\t\t\t\t\t\t\t\t<div class=\"caption-title\">Kropp och sj\u00e4l, f\u00f6r ditt h\u00e4lsosamt liv<\/div>\n\t\t\t\t\t\t\t\t<div class=\"caption-desc\"><\/div>\n\t\t\t\t\t\t\t\t\t\t\t\t\t\t\t<\/div>\n\t\t\t\t\t\t<\/div>\n\t\t\t\t\t<\/div>\n\n\t\t\t\t\n\t\t\t\t\t<div class=\"swiper-slide\">\n\t\t\t\t\t\t<figure class=\"slider-image\" >\n\t\t\t\t\t\t\t<img width=\"1500\" height=\"498\"\t\t\t\t\t\t\t\t\tsrc=\"https:\/\/nagomitorget.com\/wp-content\/uploads\/2018\/07\/gElt3zhlr51SMSaEBJGgw3NrdkyVOOxdq1u61gCBf-0-e1534383768882.jpg\"\n\t\t\t\t\t\t\t\t\talt=\"Kropp och sj\u00e4l, f\u00f6r ditt h\u00e4lsosamt liv\"\n\t\t\t\t\t\t\t\t\ttitle=\"Kropp och sj\u00e4l, f\u00f6r ditt h\u00e4lsosamt liv\"\/>\n\t\t\t\t\t\t\t<div class=\"overlay\"><\/div>\n\t\t\t\t\t\t<\/figure>\n\t\t\t\t\t\t<div class=\"slider-content\">\n\t\t\t\t\t\t\t<div class=\"tg-container\">\n\t\t\t\t\t\t\t\t<div class=\"caption-title\">Kropp och sj\u00e4l, f\u00f6r ditt h\u00e4lsosamt liv<\/div>\n\t\t\t\t\t\t\t\t<div class=\"caption-desc\"><\/div>\n\t\t\t\t\t\t\t\t\t\t\t\t\t\t\t<\/div>\n\t\t\t\t\t\t<\/div>\n\t\t\t\t\t<\/div>\n\n\t\t\t\t\n\t\t\t\t\t<div class=\"swiper-slide\">\n\t\t\t\t\t\t<figure class=\"slider-image\" >\n\t\t\t\t\t\t\t<img width=\"1501\" height=\"504\"\t\t\t\t\t\t\t\t\tsrc=\"https:\/\/nagomitorget.com\/wp-content\/uploads\/2018\/08\/miyako-island-2376136_1920a-e1534752412584.jpg\"\n\t\t\t\t\t\t\t\t\talt=\"Kropp och sj\u00e4l, f\u00f6r ditt h\u00e4lsosamt liv\"\n\t\t\t\t\t\t\t\t\ttitle=\"Kropp och sj\u00e4l, f\u00f6r ditt h\u00e4lsosamt liv\"\/>\n\t\t\t\t\t\t\t<div class=\"overlay\"><\/div>\n\t\t\t\t\t\t<\/figure>\n\t\t\t\t\t\t<div class=\"slider-content\">\n\t\t\t\t\t\t\t<div class=\"tg-container\">\n\t\t\t\t\t\t\t\t<div class=\"caption-title\">Kropp och sj\u00e4l, f\u00f6r ditt h\u00e4lsosamt liv<\/div>\n\t\t\t\t\t\t\t\t<div class=\"caption-desc\"><\/div>\n\t\t\t\t\t\t\t\t\t\t\t\t\t\t\t<\/div>\n\t\t\t\t\t\t<\/div>\n\t\t\t\t\t<\/div>\n\n\t\t\t\t\t\t<\/div>\n\t\t<div class=\"swiper-pagination\"><\/div>\n\t\t<div class=\"slider-arrow\">\n\t\t\t<div class=\"swiper-button-next\"><\/div>\n\t\t\t<div class=\"swiper-button-prev\"><\/div>\n\t\t<\/div>\n\t<\/div>\n<\/div>\n<\/div><\/div><\/div><\/div><div id=\"pg-1314-1\"  class=\"panel-grid panel-has-style\" ><div class=\"panel-row-style panel-row-style-for-1314-1\" ><div id=\"pgc-1314-1-0\"  class=\"panel-grid-cell\" ><div id=\"panel-1314-1-0-0\" class=\"so-panel widget widget_themegrill_flash_image tg-widget tg-image-widget panel-first-child\" data-index=\"1\" >\t<img decoding=\"async\" src=\"https:\/\/nagomitorget.com\/wp-content\/uploads\/2018\/07\/EVhAcNctt8nYo96INMZ9FJxFYx8KqAfZlqtiUnh8VNUD2VGLlCMwpXuOOWlaH5FngUscJCGHOpppmogKsckUgA_MCpWKRtNKkdpTl12sMRMUw7tDdz3Hk4NkgP6av1-YMXvBB8jiOsUhV9OWLRaClrQxAIOD-G80RxN3O5hmOs8o-e1534741567911.jpg\" \/>\n<\/div><div id=\"panel-1314-1-0-1\" class=\"so-panel widget widget_themegrill_flash_service tg-widget tg-single-service panel-last-child\" data-index=\"2\" >\n<div class=\"tg-service-widget tg-service-layout-1\">\n\t<div class=\"service-wrapper\">\n\t\t<div class=\"service-icon-title-wrapper clearfix\">\n\t\t\t\t\t\t<div class=\"service-icon-wrap\"><i class=\"fa fa-envira\"><\/i><\/div>\n\t\t\t\t\t\t\t\t\t\t\t\t<h3 class=\"service-title-wrap\">\n\t\t\t\t\t\t\t\t<a href=\"https:\/\/nagomitorget.com\/tai-chi\/\">\n\t\t\t\tTai Chi\t\t\t\t\t\t\t\t<\/a>\n\t\t\t\t\t\t\t<\/h3>\n\t\t\t\t\t<\/div>\n\t\t\t\t<div class=\"service-content-wrap\">Ursprunget till Tai Chi kommer fr\u00e5n filosofen Lao-Zi som levde i Kina f\u00f6r 2500 \u00e5r sedan. Hans tankar \u00e4r grunden till de h\u00e4lsofr\u00e4mjande r\u00f6relser som sedan utvecklades till Tai Chi som kampkonst, p\u00e5verkad av m\u00e5nga andra kinesiska kulturer och kampkonster.<\/div>\n\t\t\t\t\t\t<a class=\"service-more\" href=\"https:\/\/nagomitorget.com\/tai-chi\/\">L\u00e4s mer<\/a>\n\t\t\t<\/div>\n<\/div>\n<\/div><\/div><div id=\"pgc-1314-1-1\"  class=\"panel-grid-cell\" ><div id=\"panel-1314-1-1-0\" class=\"so-panel widget widget_themegrill_flash_image tg-widget tg-image-widget panel-first-child\" data-index=\"3\" >\t<img decoding=\"async\" src=\"https:\/\/nagomitorget.com\/wp-content\/uploads\/2018\/07\/DSC_011726160734-e1534741650916.jpg\" \/>\n<\/div><div id=\"panel-1314-1-1-1\" class=\"so-panel widget widget_themegrill_flash_service tg-widget tg-single-service panel-last-child\" data-index=\"4\" >\n<div class=\"tg-service-widget tg-service-layout-1\">\n\t<div class=\"service-wrapper\">\n\t\t<div class=\"service-icon-title-wrapper clearfix\">\n\t\t\t\t\t\t<div class=\"service-icon-wrap\"><i class=\"fa fa-hand-paper-o\"><\/i><\/div>\n\t\t\t\t\t\t\t\t\t\t\t\t<h3 class=\"service-title-wrap\">\n\t\t\t\t\t\t\t\t<a href=\"https:\/\/nagomitorget.com\/massage\/\">\n\t\t\t\tMassage\t\t\t\t\t\t\t\t<\/a>\n\t\t\t\t\t\t\t<\/h3>\n\t\t\t\t\t<\/div>\n\t\t\t\t<div class=\"service-content-wrap\">Hos oss kan du f\u00e5 f\u00f6ljande fem typer av behandling. V\u00e4nligen v\u00e4lj enligt symptomen p\u00e5 dina problem. N\u00e4r du \u00e4r os\u00e4ker p\u00e5 vad du ska v\u00e4lja, kan du ocks\u00e5 best\u00e4mma behandlingsdagen s\u00e5 tveka inte att fr\u00e5ga oss.<\/div>\n\t\t\t\t\t\t<a class=\"service-more\" href=\"https:\/\/nagomitorget.com\/massage\/\">L\u00e4s mer<\/a>\n\t\t\t<\/div>\n<\/div>\n<\/div><\/div><\/div><\/div><div id=\"pg-1314-2\"  class=\"panel-grid panel-has-style\" ><div class=\"siteorigin-panels-stretch panel-row-style panel-row-style-for-1314-2\" data-stretch-type=\"full\" ><div id=\"pgc-1314-2-0\"  class=\"panel-grid-cell\" ><div id=\"panel-1314-2-0-0\" class=\"so-panel widget widget_themegrill_flash_cta tg-widget call-to-action-section panel-first-child panel-last-child\" data-index=\"5\" ><div class=\"panel-widget-style panel-widget-style-for-1314-2-0-0\" ><div class=\"cta-wrapper call-to-action-section-layout-1\">\n\t<div class=\"section-title-wrapper\">\n\t\t\t\t<h3 class=\"section-title\">Boka behandling h\u00e4r<\/h3>\n\t\t\t\t<h4 class=\"section-subtitle\">Vi \u00f6ppnar p\u00e5 m\u00e5ndag, tisdag och onsdag<\/h4>\n\t\t\t<\/div>\n\t\t<div class=\"btn-wrapper\">\n\t\t\t\t<a class=\"btn\" href=\"https:\/\/www.bokadirekt.se\/places\/hlsotorget-nagomi-i-salve-hlsocenter-24940\">Bokadirekt<\/a>\n\t\t\t\t\t<\/div>\n\t<\/div>\n<\/div><\/div><\/div><\/div><\/div><div id=\"pg-1314-3\"  class=\"panel-grid panel-has-style\" ><div class=\"panel-row-style panel-row-style-for-1314-3\" ><div id=\"pgc-1314-3-0\"  class=\"panel-grid-cell\" ><div id=\"panel-1314-3-0-0\" class=\"so-panel widget widget_themegrill_flash_heading tg-widget section-title-wrapper panel-first-child\" data-index=\"6\" >\t<h3 class=\"section-title\">Nyheter<\/h3>\n<\/div><div id=\"panel-1314-3-0-1\" class=\"so-panel widget widget_themegrill_flash_blog tg-widget blog-section panel-last-child\" data-index=\"7\" >\n<div class=\"blog-wrapper tg-column-wrapper tg-blog-widget-layout-2\">\n\t\t<div class=\"tg-blog-widget tg-column-3\">\n\t\t\t\t<div class=\"post-image \">\n\t\t\t<figure><a href=\"https:\/\/nagomitorget.com\/sv\/made-in-asia-sv-2\/\" title=\"Vi deltog i &#8221;MADE IN ASIA&#8221;\"><img loading=\"lazy\" decoding=\"async\" width=\"370\" height=\"270\" src=\"https:\/\/nagomitorget.com\/wp-content\/uploads\/2023\/06\/The-Energy-of-Autumn-370x270.jpg\" class=\"attachment-flash-grid size-flash-grid wp-post-image\" alt=\"\" \/><\/a><\/figure>\t\t\t<span class=\"entry-date\">\n\t\t\t\t<i class=\"fa fa-clock-o\"><\/i><a href=\"https:\/\/nagomitorget.com\/sv\/made-in-asia-sv-2\/\" rel=\"bookmark\">2023-06-26<\/a>\n\t\t\t<\/span>\n\t\t\t\t\t<\/div>\n\t\t<div class=\"blog-content\">\n\t\t\t<h3 class=\"entry-title\"><a href=\"https:\/\/nagomitorget.com\/sv\/made-in-asia-sv-2\/\">Vi deltog i &#8221;MADE IN ASIA&#8221;<\/a><\/h3>\n\t\t\t\t\t\t<div class=\"entry-summary\">\n\t\t\t\t<p>Den 18 juni 2023, vid evenemanget &#8221;MADE IN ASIA&#8221; som h\u00f6lls p\u00e5 Sistam\u00e4ssa i Stockholm, vi presenter...<\/p>\n\t\t\t<\/div>\n\t\t\t\t\t\t<div class=\"read-more-container\">\n\t\t\t\t<span class=\"entry-author\">\n\t\t\t\t\t<i class=\"fa fa-user\"><\/i><a class=\"url fn n\" href=\"https:\/\/nagomitorget.com\/author\/makiko\/\">makiko<\/a>\n\t\t\t\t<\/span>\n\t\t\t\t<div class=\"read-more\">\n\t\t\t\t\t<a href=\"https:\/\/nagomitorget.com\/sv\/made-in-asia-sv-2\/\">Read More<\/a>\n\t\t\t\t<\/div>\n\t\t\t<\/div>\n\t\t\t\t\t<\/div>\n\t<\/div>\n\t\t<div class=\"tg-blog-widget tg-column-3\">\n\t\t\t\t<div class=\"post-image \">\n\t\t\t<figure><a href=\"https:\/\/nagomitorget.com\/sv\/made-in-asia-sv\/\" title=\"**Tai-Chi** Vi ses i \u300cMADE IN ASIA\u300d\uff01\"><img loading=\"lazy\" decoding=\"async\" width=\"370\" height=\"270\" src=\"https:\/\/nagomitorget.com\/wp-content\/uploads\/2023\/06\/1-370x270.png\" class=\"attachment-flash-grid size-flash-grid wp-post-image\" alt=\"\" \/><\/a><\/figure>\t\t\t<span class=\"entry-date\">\n\t\t\t\t<i class=\"fa fa-clock-o\"><\/i><a href=\"https:\/\/nagomitorget.com\/sv\/made-in-asia-sv\/\" rel=\"bookmark\">2023-06-14<\/a>\n\t\t\t<\/span>\n\t\t\t\t\t<\/div>\n\t\t<div class=\"blog-content\">\n\t\t\t<h3 class=\"entry-title\"><a href=\"https:\/\/nagomitorget.com\/sv\/made-in-asia-sv\/\">**Tai-Chi** Vi ses i \u300cMADE IN ASIA\u300d\uff01<\/a><\/h3>\n\t\t\t\t\t\t<div class=\"entry-summary\">\n\t\t\t\t<p>Jag kommer att upptr\u00e4da som en tai chi-ut\u00f6vare p\u00e5 den stora evenemanget &#8221;MADE IN ASIA&#8221;, d\u00e4r man ka...<\/p>\n\t\t\t<\/div>\n\t\t\t\t\t\t<div class=\"read-more-container\">\n\t\t\t\t<span class=\"entry-author\">\n\t\t\t\t\t<i class=\"fa fa-user\"><\/i><a class=\"url fn n\" href=\"https:\/\/nagomitorget.com\/author\/makiko\/\">makiko<\/a>\n\t\t\t\t<\/span>\n\t\t\t\t<div class=\"read-more\">\n\t\t\t\t\t<a href=\"https:\/\/nagomitorget.com\/sv\/made-in-asia-sv\/\">Read More<\/a>\n\t\t\t\t<\/div>\n\t\t\t<\/div>\n\t\t\t\t\t<\/div>\n\t<\/div>\n\t\t<div class=\"tg-blog-widget tg-column-3\">\n\t\t\t\t<div class=\"post-image \">\n\t\t\t<figure><a href=\"https:\/\/nagomitorget.com\/sv\/ute2025\/\" title=\"**TaiChi**  utomhus i juli och augusti 2025!\"><img loading=\"lazy\" decoding=\"async\" width=\"370\" height=\"270\" src=\"https:\/\/nagomitorget.com\/wp-content\/uploads\/2022\/06\/Its-like-natures-crystal-ball-What-are-you-hoping-for-in-2014_-370x270.jpg\" class=\"attachment-flash-grid size-flash-grid wp-post-image\" alt=\"\" \/><\/a><\/figure>\t\t\t<span class=\"entry-date\">\n\t\t\t\t<i class=\"fa fa-clock-o\"><\/i><a href=\"https:\/\/nagomitorget.com\/sv\/ute2025\/\" rel=\"bookmark\">2022-06-23<\/a>\n\t\t\t<\/span>\n\t\t\t\t\t<\/div>\n\t\t<div class=\"blog-content\">\n\t\t\t<h3 class=\"entry-title\"><a href=\"https:\/\/nagomitorget.com\/sv\/ute2025\/\">**TaiChi**  utomhus i juli och augusti 2025!<\/a><\/h3>\n\t\t\t\t\t\t<div class=\"entry-summary\">\n\t\t\t\t<p>Det har kommit k\u00f6na sommardagar och det passar perfekt att njuta av TaiChi p\u00e5 ute! Vi har l\u00e4ngtat efter det oc...<\/p>\n\t\t\t<\/div>\n\t\t\t\t\t\t<div class=\"read-more-container\">\n\t\t\t\t<span class=\"entry-author\">\n\t\t\t\t\t<i class=\"fa fa-user\"><\/i><a class=\"url fn n\" href=\"https:\/\/nagomitorget.com\/author\/makiko\/\">makiko<\/a>\n\t\t\t\t<\/span>\n\t\t\t\t<div class=\"read-more\">\n\t\t\t\t\t<a href=\"https:\/\/nagomitorget.com\/sv\/ute2025\/\">Read More<\/a>\n\t\t\t\t<\/div>\n\t\t\t<\/div>\n\t\t\t\t\t<\/div>\n\t<\/div>\n\t<\/div><!-- .blog-wrapper -->\n<\/div><\/div><\/div><\/div><\/div>","protected":false},"excerpt":{"rendered":"","protected":false},"author":1,"featured_media":0,"parent":0,"menu_order":0,"comment_status":"closed","ping_status":"closed","template":"page-templates\/full-width.php","meta":{"_locale":"sv_SE","_original_post":"1136","footnotes":""},"class_list":["post-1314","page","type-page","status-publish","hentry","sv-SE"],"_links":{"self":[{"href":"https:\/\/nagomitorget.com\/wp-json\/wp\/v2\/pages\/1314","targetHints":{"allow":["GET"]}}],"collection":[{"href":"https:\/\/nagomitorget.com\/wp-json\/wp\/v2\/pages"}],"about":[{"href":"https:\/\/nagomitorget.com\/wp-json\/wp\/v2\/types\/page"}],"author":[{"embeddable":true,"href":"https:\/\/nagomitorget.com\/wp-json\/wp\/v2\/users\/1"}],"replies":[{"embeddable":true,"href":"https:\/\/nagomitorget.com\/wp-json\/wp\/v2\/comments?post=1314"}],"version-history":[{"count":72,"href":"https:\/\/nagomitorget.com\/wp-json\/wp\/v2\/pages\/1314\/revisions"}],"predecessor-version":[{"id":2411,"href":"https:\/\/nagomitorget.com\/wp-json\/wp\/v2\/pages\/1314\/revisions\/2411"}],"wp:attachment":[{"href":"https:\/\/nagomitorget.com\/wp-json\/wp\/v2\/media?parent=1314"}],"curies":[{"name":"wp","href":"https:\/\/api.w.org\/{rel}","templated":true}]}}