{"id":1463,"date":"2018-07-26T16:45:11","date_gmt":"2018-07-26T07:45:11","guid":{"rendered":"https:\/\/nagomitorget.com\/?page_id=1463"},"modified":"2026-01-28T04:27:44","modified_gmt":"2026-01-27T19:27:44","slug":"massage","status":"publish","type":"page","link":"https:\/\/nagomitorget.com\/sv\/massage\/","title":{"rendered":"Massage"},"content":{"rendered":"<p><a href=\"https:\/\/nagomitorget.com\/wp-content\/uploads\/2019\/10\/171209_2-e1575415332864.jpg\"><img loading=\"lazy\" decoding=\"async\" class=\"wp-image-2165 size-full aligncenter\" src=\"https:\/\/nagomitorget.com\/wp-content\/uploads\/2019\/10\/171209_2-e1575415332864.jpg\" alt=\"\" width=\"733\" height=\"550\" \/><\/a><img loading=\"lazy\" decoding=\"async\" class=\"wp-image-1455 alignright\" src=\"https:\/\/nagomitorget.com\/wp-content\/uploads\/2018\/07\/Kroppsterapeuterna_Centrerad_devis_226164042.jpg\" alt=\"\" width=\"200\" height=\"169\" srcset=\"https:\/\/nagomitorget.com\/wp-content\/uploads\/2018\/07\/Kroppsterapeuterna_Centrerad_devis_226164042.jpg 610w, https:\/\/nagomitorget.com\/wp-content\/uploads\/2018\/07\/Kroppsterapeuterna_Centrerad_devis_226164042-300x254.jpg 300w\" sizes=\"auto, (max-width: 200px) 100vw, 200px\" \/><\/p>\n<p><img loading=\"lazy\" decoding=\"async\" class=\"wp-image-1459 alignright\" src=\"https:\/\/nagomitorget.com\/wp-content\/uploads\/2018\/07\/KrY-Sigill-KS26164043.png\" alt=\"\" width=\"176\" height=\"176\" srcset=\"https:\/\/nagomitorget.com\/wp-content\/uploads\/2018\/07\/KrY-Sigill-KS26164043.png 591w, https:\/\/nagomitorget.com\/wp-content\/uploads\/2018\/07\/KrY-Sigill-KS26164043-150x150.png 150w, https:\/\/nagomitorget.com\/wp-content\/uploads\/2018\/07\/KrY-Sigill-KS26164043-300x300.png 300w\" sizes=\"auto, (max-width: 176px) 100vw, 176px\" \/><\/p>\n<p>Hos oss kan du f\u00e5 f\u00f6ljande fem typer av behandlingar. V\u00e4nligen v\u00e4lj enligt symptomen p\u00e5 dina problem. N\u00e4r du \u00e4r os\u00e4ker p\u00e5 vad du ska v\u00e4lja, kan du ocks\u00e5 best\u00e4mma behandlingsdagen s\u00e5 tveka inte att fr\u00e5ga oss.<\/p>\n<h2>Massagemeny<\/h2>\n<h3>Zen-Shiatsu<\/h3>\n<p>Zen-Shiatsu \u00e4r en massageform som kommer fr\u00e5n Japan och som \u00e4r en kombination av traditionell japansk massage och anv\u00e4ndandet av sk meridianer i kinesisk medicin.<br \/>\nMeridianer \u00e4r ett linjeformat system d\u00e4r qi-energin fl\u00f6dar. Till varje meridian s\u00e4gs ocks\u00e5 h\u00f6ra ett visst organ eller en psykisk och fysisk funktion, och ett applicerat tryck p\u00e5 en punkt utmed en meridian s\u00e4gs stimulera fl\u00f6det av qi genom den meridianen.<\/p>\n<p>Vid sjukdom eller n\u00e4r man \u00e4r i d\u00e5lig form s\u00e5 uppkommer st\u00f6rning i meridianerna som visar p\u00e5 obalans i kroppens qi(-energi)fl\u00f6de. Behandlingen g\u00e5r ut p\u00e5 att fr\u00e4mja fl\u00f6det och \u00e5terst\u00e4lla balansen. Man ser symptomet i ett sammanhang och behandlar hela kroppen.<\/p>\n<p>Zen-Shiatsu \u00e4r l\u00e4mplig f\u00f6r axel och ryggsm\u00e4rta eller huvudv\u00e4rk som d\u00e5ligt fysiskt tillst\u00e5nd, f\u00f6rl\u00e4ngd tr\u00f6tthet och obalans i kropp och sj\u00e4l. I Zen-Shiatsu trycker man p\u00e5 olika delar av kroppen l\u00e4ngs med de olika meridianerna f\u00f6r att barancera meridianerna. Till skillnad fr\u00e5n klassisk massage s\u00e5 &#8221;kn\u00e5das&#8221; inte musklerna utan behandlas bara genom\u00a0 tryck, gungningar och stretching. S\u00e5 kan du kl\u00e4 p\u00e5 dig under behandling. Behandlingen \u00e4r l\u00e5ngsam, avslappnande och sm\u00e4rtfri.<\/p>\n<h3>Kraniosakral terapi<span style=\"color: #ff6600;\"><br \/>\n<\/span><\/h3>\n<p>Kraniosakral terapi \u00e4r en mild och mjuk form av behandling som kan f\u00f6rb\u00e4ttra hela kroppens funktion genom att framf\u00f6rallt balansera det centrala nervsystemet. Trots att behandlingsmetoden \u00e4r v\u00e4ldigt kraftfull uppfattas den ofta som mycket behaglig och avslappnande. Terapeuten arbetar endast med sina h\u00e4nder och anv\u00e4nder sig av ett v\u00e4ldigt l\u00e4tt tryck mot klientens kropp.<\/p>\n<p>Det kraniosakrala systemet best\u00e5r av kraniets ben, ryggraden korsbenet, det centrala nervsystemet och cerebrospinalv\u00e4tskan. Systemet har en egen rytm och under behandlingen anv\u00e4nder terapeuten sina h\u00e4nder f\u00f6r att k\u00e4nna av denna. St\u00f6rningar i den kraniosakrala rytmen kan p\u00e5verka hela kroppen och ge upphov till en rad olika symtom.<\/p>\n<p>Behandlingen kan vara bra f\u00f6r dig som lider av exempelvis:<br \/>\n&#8211; Huvudv\u00e4rk, migr\u00e4n, sm\u00e4rta i k\u00e4kmuskler, nacke, axlar, nedrerygg, kn\u00e4n, f\u00f6tter samt i leder<br \/>\n&#8211; Yrsel, illam\u00e5ende, whiplashskador<br \/>\n&#8211; Dysfunktion i inre organ eller i det autonoma nervsystemet<br \/>\n&#8211; \u00c5ngest, depression, l\u00e5ngvarig stress och tr\u00f6tthet<\/p>\n<p>Vid vissa sjukdomstillst\u00e5nd b\u00f6r inte man inte genomg\u00e5 en kraniosakral behandling. Det g\u00e4ller framf\u00f6rallt olika typer av huvudskador, hj\u00e4rntum\u00f6r och hj\u00e4rnbr\u00e5ck. Kontakta oss g\u00e4rna innan du bokar en behandling om du har fr\u00e5gor.<\/p>\n<p>Under behandlingen s\u00e5 kan du ha dina vanliga kl\u00e4der p\u00e5 dig och du kommer att ligga p\u00e5 en massageb\u00e4nk.<\/p>\n<h3>Taktil massage<\/h3>\n<p>Taktil massage \u00e4r en mjuk massage d\u00e4r man anv\u00e4nder olja. V\u00e4rmen fr\u00e5n terapeutens h\u00e4nder<br \/>\nsveper in hela kroppen, och genom varsam massage frig\u00f6rs hormonet oxytocin som slappnar av b\u00e5de kropp och sj\u00e4l, samt lindrar \u00e5ngest, stress och sm\u00e4rta.<br \/>\nTaktil massage anv\u00e4nds \u00e4ven medicinskt f\u00f6r postoperativ rehabilitering, lindring f\u00f6r patienter som lider av demens eller andra kognitiva problem, och som kompletterande terapeutisk behandling f\u00f6r patienter som lidit eller lider av cancer, hj\u00e4rtinfarkt, eller diabetes.<\/p>\n<p>Under behandlingen kl\u00e4ms eller trycks inte musklerna h\u00e5rt eller starkt, s\u00e5 ni kan k\u00e4nna hur kroppen mjuknar in i ett tillst\u00e5nd av djup avslappning. Genom att fokusera p\u00e5 att vara bekv\u00e4m i kroppen och koppla av fr\u00e5n den dagliga stressen, aktiveras ens inneboende mentala och fysiska sj\u00e4lvl\u00e4kande f\u00f6rm\u00e5gor.<\/p>\n<p>Behandlingstiden \u00e4r vanligtvis 70 minuter, d\u00e5 behandlas rygg, axlar, nacke, huvud, ansikte, h\u00e4nder, armar, mage, ben och f\u00f6tter. F\u00f6r en 45 minuters behandling g\u00e5r det att v\u00e4lja de omr\u00e5den man \u00f6nskar av dessa. Effekten fr\u00e5n behandlingen varar upp till en vecka.<\/p>\n<h3>K\u00e4kmuskelbehandling<\/h3>\n<p>K\u00e4kmusklerna \u00e4r de muskler runt kinderna och ovanf\u00f6r \u00f6ronen vi anv\u00e4nder n\u00e4r vi biter och tuggar. N\u00e4r vi biter eller gnisslar t\u00e4nder omedvetet, i stressade situationer eller i s\u00f6mnen, kan p\u00e5frestningen i dessa muskler leda till huvudv\u00e4rk eller andra besv\u00e4r. Eftersom dessa muskler ligger i n\u00e4ra anknytning till muskler i nacke, huvud, axlar och rygg, kan stelhet i nacke och axlar, huvudv\u00e4rk, ryggsm\u00e4rtor med mera lindras av att mjuka upp k\u00e4kmuskulaturen.\u00a0 Behandlingen \u00e4r \u00e4ven effektiv f\u00f6r lindring av migr\u00e4n och whiplashsm\u00e4rtor.<\/p>\n<p>K\u00e4kmuskelbehandlingen best\u00e5r av ansiktsmassage och massage ovanf\u00f6r \u00f6ronen med liten m\u00e4ngd olja, f\u00f6ljt av fingermassage d\u00e4r vi anv\u00e4nder hygieniska vinylhandskar och masserar insidan av munnen. Avslutningsvis masseras axlar och huvud, genom att mjuka upp dessa anknytande muskler \u00f6kas effekten av behandlingen.<\/p>\n<h3>Kombo behandling som Kvant-Reiki healing + Zen Shiatsu eller Kraniosakral terapi<\/h3>\n<p dir=\"ltr\">En behandling som kombinerar tv\u00e5 olika behandlingsmetoder. Terapeut behandlar dig b\u00e5de fisiskt med varma h\u00e4nder och energiskt med Kvant-Reiki. Du kan v\u00e4rja antingen Zen-Shiatsu eller Kraniosakral terapi f\u00f6r att koppla ihop med Kvant-Reiki healing.<\/p>\n<p dir=\"ltr\">Under behandlingen ligger du bara avslappnad l\u00e4ge utan att t\u00e4nka n\u00e5gon spciellt. Behandlingen avslutas med en stunds avslappning och samtal om behandlingen samt r\u00e5dgivning.<\/p>\n<h3>Kvant-reiki healing \/ Hands on eller Distance<a href=\"https:\/\/nagomitorget.com\/wp-content\/uploads\/2022\/04\/d636507ed13f763b8fd710579e0fc782.png\"><img loading=\"lazy\" decoding=\"async\" class=\"wp-image-2415 alignright\" src=\"https:\/\/nagomitorget.com\/wp-content\/uploads\/2022\/04\/d636507ed13f763b8fd710579e0fc782-1024x713.png\" alt=\"\" width=\"362\" height=\"252\" srcset=\"https:\/\/nagomitorget.com\/wp-content\/uploads\/2022\/04\/d636507ed13f763b8fd710579e0fc782-1024x713.png 1024w, https:\/\/nagomitorget.com\/wp-content\/uploads\/2022\/04\/d636507ed13f763b8fd710579e0fc782-300x209.png 300w, https:\/\/nagomitorget.com\/wp-content\/uploads\/2022\/04\/d636507ed13f763b8fd710579e0fc782-768x535.png 768w, https:\/\/nagomitorget.com\/wp-content\/uploads\/2022\/04\/d636507ed13f763b8fd710579e0fc782.png 1187w\" sizes=\"auto, (max-width: 362px) 100vw, 362px\" \/><\/a><\/h3>\n<p>Vi tillhandah\u00e5ller h\u00f6gkvalitativ energihealing f\u00f6r dig som behover bli b\u00e4ttre i kropp och sj\u00e4l. Reiki \u00e4r en alternativ behandlingsmetod med r\u00f6tter i 1800-talets Japan. Precis som inom kinesisk medicin anses att ett holistiskt syns\u00e4tt p\u00e5 kroppen och energier bidrar till l\u00e4kande och v\u00e4lm\u00e5ende. Kvant-reiki healing \u00e4r en vidareutveckling av reiki healing som uppfunnits av Mr. Hiroshi Makaula Nakae p\u00e5 Hawaii.\u00a0Kvant-reiki m\u00f6jligg\u00f6r f\u00f6r energiv\u00e5gorna att omedelbart komma i samklang med varandra s\u00e5 att energin kan n\u00e5 djupare och verka mer ing\u00e5ende, d\u00e4rf\u00f6r kan det ge st\u00f6rre effekt \u00e4n traditionell Reiki. Du kan se Kvant-reiki som n\u00e4sta niv\u00e5 av Reiki.<\/p>\n<p>Om du vill ha den healing som hands-on behanling, varmt v\u00e4lkommen v\u00e5ra massagerum d\u00e4r p\u00e5 Salve. Eller f\u00f6r dig som beh\u00f6ver trygg k\u00e4nsla i hemma eller sv\u00e5rt att g\u00e5 ut, det passar perfekt att ha distance healing via Zoom eller Messenger mm.<\/p>\n<h2>Priser (Inkl.moms)<\/h2>\n<h3>Zen-Shiatsu, Kraniosakral terapi, Kvant-reiki healing och Kombo behandling<\/h3>\n<ul>\n<li>45 min\u3000750kr<\/li>\n<li>60 min\u3000900kr<\/li>\n<li>90 min \u00a0\u00a0 1130kr\u00a0<span style=\"font-size: large;\"><span style=\"color: #ff0000;\"><br \/>\n<\/span><\/span><\/li>\n<\/ul>\n<h3>Taktil massage<\/h3>\n<ul>\n<li>45 min\u3000750kr<\/li>\n<li>70 min\u3000950kr<\/li>\n<\/ul>\n<h3>K\u00e4kmuskelbehandling (G\u00e4ller ej rabattpris)<\/h3>\n<ul>\n<li><span style=\"font-size: large;\">45 min \u00a0 650kr<br \/>\n<\/span><\/li>\n<li><span style=\"font-size: large;\">20 min som tillval \u00a0 280 kr<br \/>\n<\/span><span style=\"font-size: large;\"><span style=\"font-size: large;\">\u00a0Du kan l\u00e4gga till K\u00e4kmuskelbehandling som ett extra tillval, d\u00e5 reserveras 20 extra minuter efter annan valfri bokad massage.<\/span><\/span><\/li>\n<\/ul>\n<hr \/>\n<h3>klippkort\u00a0 (G\u00e4ller alla behandlingar utan Taktil massage 70 min. och K\u00e4kmuskelbehandling)<\/h3>\n<hr \/>\n<p><strong>5 g\u00e5nger klippkort<\/strong><\/p>\n<ul>\n<li>45 min\u00a0\u00a0 3370kr\u00a0 (Ord. 3750kr)<\/li>\n<li>60 min\u00a0 4050kr\u00a0 (Ord. 4500kr)<\/li>\n<li>90 min\u00a0 5080kr\u00a0 (Ord. 5650kr)<\/li>\n<\/ul>\n<p><span style=\"color: #ff0000;\">Utg\u00e5ngsdatum<\/span> \u00e4r <span style=\"color: #ff0000;\">5 m\u00e5nader<\/span> fr\u00e5n det f\u00f6rsta anv\u00e4ndningsdatumet.<\/p>\n<p><strong>3 g\u00e5nger klippkort<\/strong><\/p>\n<ul>\n<li>45 min\u00a0 2130kr\u00a0\u00a0 (Ord. 2250kr)<\/li>\n<li>60 min\u00a0 2560kr\u00a0 (Ord. 2700kr)<\/li>\n<li>90 min\u00a0 3220kr\u00a0 (Ord. 3390kr)<\/li>\n<\/ul>\n<p><span style=\"color: #ff0000;\">Utg\u00e5ngsdatum<\/span> \u00e4r <span style=\"color: #ff0000;\">3 m\u00e5nader<\/span> fr\u00e5n det f\u00f6rsta anv\u00e4ndningsdatumet.<\/p>\n<hr \/>\n<h2>Boka din tid h\u00e4r,<\/h2>\n<p>Plats\uff1a<a href=\"https:\/\/www.google.com\/maps\/place\/Bj%C3%B6rng%C3%A5rdsgatan+9B,+118+52+Stockholm\/@59.3172882,18.0684816,14.87z\/data=!4m6!3m5!1s0x465f77e50dc60f5b:0x6d57a2bb5d7f89b3!8m2!3d59.3167045!4d18.0657289!16s%2Fg%2F11cpfjbxq4?hl=ja&amp;entry=ttu\" target=\"_blank\" rel=\"noopener\">Kroppsterapeuten<\/a> (Bj\u00f6rng\u00e5rdsgatan 9B)<br \/>\nBokning\uff1a<a href=\"https:\/\/www.bokadirekt.se\/places\/halsotorget-nagomi-mandag-och-onsdag-24940\" target=\"_blank\" rel=\"noopener\">Bokadirekt<\/a><\/p>\n<hr \/>\n<h2>Partners<\/h2>\n<p><a href=\"http:\/\/www.wellnet.se\/\" target=\"_blank\" rel=\"noopener\"><img loading=\"lazy\" decoding=\"async\" class=\"size-full wp-image-1458 alignnone\" src=\"https:\/\/nagomitorget.com\/wp-content\/uploads\/2018\/07\/Wellnetlogga3126164043.jpg\" alt=\"\" width=\"150\" height=\"25\" \/><\/a>\u00a0\u00a0<a href=\"http:\/\/www.kroppsterapeuterna.se\/\" target=\"_blank\" rel=\"noopener\"><img loading=\"lazy\" decoding=\"async\" class=\"alignnone wp-image-1332 size-thumbnail\" src=\"https:\/\/nagomitorget.com\/wp-content\/uploads\/2018\/07\/Kroppsterapeuterna_Centrerad_devis_2-150x150.jpg\" alt=\"\" width=\"150\" height=\"150\" srcset=\"https:\/\/nagomitorget.com\/wp-content\/uploads\/2018\/07\/Kroppsterapeuterna_Centrerad_devis_2-150x150.jpg 150w, https:\/\/nagomitorget.com\/wp-content\/uploads\/2018\/07\/Kroppsterapeuterna_Centrerad_devis_2-300x300.jpg 300w\" sizes=\"auto, (max-width: 150px) 100vw, 150px\" \/><\/a><\/p>\n","protected":false},"excerpt":{"rendered":"<p>Hos oss kan du f\u00e5 f\u00f6ljande fem typer av behandlingar. V\u00e4nligen v\u00e4lj enligt symptomen p\u00e5 dina problem. N\u00e4r du \u00e4&#8230;<\/p>\n","protected":false},"author":1,"featured_media":2469,"parent":0,"menu_order":0,"comment_status":"closed","ping_status":"closed","template":"","meta":{"_locale":"sv_SE","_original_post":"17","footnotes":""},"class_list":["post-1463","page","type-page","status-publish","has-post-thumbnail","hentry","sv-SE"],"_links":{"self":[{"href":"https:\/\/nagomitorget.com\/wp-json\/wp\/v2\/pages\/1463","targetHints":{"allow":["GET"]}}],"collection":[{"href":"https:\/\/nagomitorget.com\/wp-json\/wp\/v2\/pages"}],"about":[{"href":"https:\/\/nagomitorget.com\/wp-json\/wp\/v2\/types\/page"}],"author":[{"embeddable":true,"href":"https:\/\/nagomitorget.com\/wp-json\/wp\/v2\/users\/1"}],"replies":[{"embeddable":true,"href":"https:\/\/nagomitorget.com\/wp-json\/wp\/v2\/comments?post=1463"}],"version-history":[{"count":80,"href":"https:\/\/nagomitorget.com\/wp-json\/wp\/v2\/pages\/1463\/revisions"}],"predecessor-version":[{"id":2801,"href":"https:\/\/nagomitorget.com\/wp-json\/wp\/v2\/pages\/1463\/revisions\/2801"}],"wp:featuredmedia":[{"embeddable":true,"href":"https:\/\/nagomitorget.com\/wp-json\/wp\/v2\/media\/2469"}],"wp:attachment":[{"href":"https:\/\/nagomitorget.com\/wp-json\/wp\/v2\/media?parent=1463"}],"curies":[{"name":"wp","href":"https:\/\/api.w.org\/{rel}","templated":true}]}}