{"id":1498,"date":"2018-07-27T17:47:54","date_gmt":"2018-07-27T08:47:54","guid":{"rendered":"https:\/\/nagomitorget.com\/?page_id=1498"},"modified":"2026-01-04T00:48:49","modified_gmt":"2026-01-03T15:48:49","slug":"tai-chi","status":"publish","type":"page","link":"https:\/\/nagomitorget.com\/sv\/tai-chi\/","title":{"rendered":"Tai Chi"},"content":{"rendered":"<p><a href=\"https:\/\/nagomitorget.com\/wp-content\/uploads\/2020\/05\/waterfall-1309204_1280.jpg\"><img loading=\"lazy\" decoding=\"async\" class=\"wp-image-2267 size-large aligncenter\" src=\"https:\/\/nagomitorget.com\/wp-content\/uploads\/2020\/05\/waterfall-1309204_1280-1024x682.jpg\" alt=\"\" width=\"780\" height=\"519\" srcset=\"https:\/\/nagomitorget.com\/wp-content\/uploads\/2020\/05\/waterfall-1309204_1280-1024x682.jpg 1024w, https:\/\/nagomitorget.com\/wp-content\/uploads\/2020\/05\/waterfall-1309204_1280-300x200.jpg 300w, https:\/\/nagomitorget.com\/wp-content\/uploads\/2020\/05\/waterfall-1309204_1280-768x512.jpg 768w, https:\/\/nagomitorget.com\/wp-content\/uploads\/2020\/05\/waterfall-1309204_1280.jpg 1280w\" sizes=\"auto, (max-width: 780px) 100vw, 780px\" \/><\/a><\/p>\n<p>Tai Chi \u00e4r fr\u00e5n b\u00f6rjan en kinesisk stridskonst och kampkonst som p\u00e5 senare tid har utvecklats till vad som n\u00e4rmast kan kallas en folkr\u00f6relse v\u00e4rlden \u00f6ver. I motsats till andra kampsporter s\u00e5 bygger Tai Chi p\u00e5 l\u00e5ngsamma r\u00f6relser som utf\u00f6rs med h\u00f6g koncentration och med fokus p\u00e5 den inre mentala styrkan. P\u00e5 s\u00e5 s\u00e4tt balanseras och st\u00e4rks hela kroppen med effekter som minskad stress samt f\u00f6rb\u00e4ttrad fysisk r\u00f6rlighet och balans.<\/p>\n<p>Det finns m\u00e5nga olika stilar inom Tai Chi varav Yang-stilen, som vi l\u00e4r ut, \u00e4r den mest popul\u00e4ra. Den har sitt ursprung ca 2500 \u00e5r tillbaka men grundades som egen stil f\u00f6r omkring 200 \u00e5r sedan av Yang Lu Chang. Att ut\u00f6va Yang-stilen inom Tai Chi anses idag vara h\u00e4lsofr\u00e4mjande f\u00f6r b\u00e5de kropp och sj\u00e4l. N\u00e4r de l\u00e5ngsamma, mjuka r\u00f6relserna utf\u00f6rs anv\u00e4nds hela kroppens muskulatur f\u00f6r att beh\u00e5lla balans och rytm. Det fungerar b\u00e5de som en typ av sj\u00e4lvmassage och som tr\u00e4ning p\u00e5 en och samma g\u00e5ng, d\u00e4r sp\u00e4nningar i exempelvis nacke, axlar och rygg kan sl\u00e4ppa. Det finns ocks\u00e5 mycket som tyder p\u00e5 att Tai Chi kan lindra stress samt f\u00f6rb\u00e4ttra immunf\u00f6rsvaret och de inre organens funktion. Genom kontinuerlig tr\u00e4ning och \u00f6vning av Tai Chi kan du balansera och harmonisera b\u00e5de din fysiska och mentala h\u00e4lsa.<\/p>\n<p>Hos oss har du m\u00f6jlighet att l\u00e4ra dig Yang-stilen inom Tai Chi fr\u00e5n grunden upp till avancerad niv\u00e5. V\u00e5ra l\u00e4rare har m\u00e5ng\u00e5rig erfarenhet av att undervisa elever p\u00e5 olika niv\u00e5er utifr\u00e5n sina egna f\u00f6ruts\u00e4ttningar och i sin egen takt.<\/p>\n<p>Hos oss \u00e4r alla v\u00e4lkomna!<\/p>\n<p><strong>\u00ab<\/strong><strong>Exempel p\u00e5<\/strong><strong> effekter<\/strong><strong> som kan uppn\u00e5s genom att ut\u00f6va Tai Chi<\/strong><strong>\u00bb<\/strong><\/p>\n<ul>\n<li style=\"list-style-type: none;\">\n<ul>\n<li>Minskar stress genom de lugna r\u00f6relserna som utf\u00f6rs med fokus p\u00e5 nuet och den egna kroppen.<\/li>\n<li>Lindrar stelhet i axlar och rygg samt f\u00f6rb\u00e4ttrar de inre organens funktion genom att f\u00f6rb\u00e4ttra blodcirkulation och kroppsh\u00e5llning.<\/li>\n<li>F\u00f6rb\u00e4ttrar balans och r\u00f6rlighet.<\/li>\n<\/ul>\n<\/li>\n<\/ul>\n<p><strong>\u00ab<\/strong><strong>Vanliga fr<\/strong><strong>\u00e5<\/strong><strong>gor<\/strong><strong> om Tai Chi<\/strong><strong>\u00bb<\/strong><\/p>\n<ul>\n<li style=\"list-style-type: none;\">\n<ul>\n<li>Kan jag komma till er som nyb\u00f6rjare?<br \/>\n\u2014 Det g\u00e5r alldeles utm\u00e4rkt! Hos oss kan du l\u00e4ra dig Tai Chi fr\u00e5n grunden i ett tempo som passar dig.<\/li>\n<li>Kan jag b\u00f6rja n\u00e4r jag vill eller m\u00e5ste jag v\u00e4nta till en ny kursstart?<br \/>\n\u2014 Du beh\u00f6ver inte v\u00e4nta till en ny kursstart utan kan komma och prova p\u00e5 n\u00e4r som helst.<\/li>\n<li>Vilka kl\u00e4der passar f\u00f6r Tai Chi?<br \/>\n\u2014 Vanliga tr\u00e4ningskl\u00e4der, g\u00e4rna lite l\u00f6sa, som inte begr\u00e4nsar dina r\u00f6relser.<\/li>\n<li>G\u00e5r det att ut\u00f6va Tai Chi oavsett \u00e5lder?<br \/>\n\u2014 Sj\u00e4lvklart, alla \u00e4r v\u00e4lkomna till oss!<\/li>\n<li>Vad \u00e4r skillnaden mellan Tai Chi och Qigong?<br \/>\n\u2014 B\u00e5de Tai Chi och Qigong \u00e4r h\u00e4lsofr\u00e4mjande tr\u00e4ningsformer med ursprung i Kina. De anses vara bra b\u00e5de f\u00f6r v\u00e5r mentala och fysiska h\u00e4lsa genom att aktivera den energi som flyter genom kroppen och som kallas \u201dQi\u201d &#8211; v\u00e5r livsenergi. Den st\u00f6rsta skillnaden mellan de b\u00e5da \u00e4r att Qigong utvecklades som enbart h\u00e4lsofr\u00e4mjande metod medan Tai Chi fr\u00e5n b\u00f6rjan var en kampkonst. D\u00e4rf\u00f6r bygger alla r\u00f6relser inom Tai Chi p\u00e5 kombinationen av f\u00f6rsvar och attack.<\/li>\n<li>N\u00e4r ska man inte ut\u00f6va Tai Chi?<br \/>\n\u2014 Det finns egentligen inga generella begr\u00e4nsningar f\u00f6rutom om du har allm\u00e4nt ont i kroppen, fysiska skador eller feber. Om du \u00e4r os\u00e4ker rekommenderar vi att du pratar med din l\u00e4kare.<\/li>\n<li>Finns det m\u00f6jlighet prova Tai Chi innan jag eventuellt best\u00e4mmer mig f\u00f6r att forts\u00e4tta?<br \/>\n\u2014 Absolut.\u00a0 Kom till oss p\u00e5 en prova p\u00e5-lektion f\u00f6r att se om det passar dig. Skicka g\u00e4rna dina \u00f6nskem\u00e5l till oss via formul\u00e4ret nedan.<\/li>\n<\/ul>\n<\/li>\n<\/ul>\n<p><a href=\"https:\/\/nagomitorget.com\/wp-content\/uploads\/2024\/12\/d80c47dc2eeab72a7208989a29c6e77c.jpg\"><img loading=\"lazy\" decoding=\"async\" class=\"wp-image-2669  alignright\" src=\"https:\/\/nagomitorget.com\/wp-content\/uploads\/2024\/12\/d80c47dc2eeab72a7208989a29c6e77c.jpg\" alt=\"\" width=\"323\" height=\"436\" srcset=\"https:\/\/nagomitorget.com\/wp-content\/uploads\/2024\/12\/d80c47dc2eeab72a7208989a29c6e77c.jpg 736w, https:\/\/nagomitorget.com\/wp-content\/uploads\/2024\/12\/d80c47dc2eeab72a7208989a29c6e77c-222x300.jpg 222w\" sizes=\"auto, (max-width: 323px) 100vw, 323px\" \/><\/a><\/p>\n<h2>Kursschema i v\u00e5r 2026<\/h2>\n<h4>Plats: <a href=\"https:\/\/abfstockholm.se\/\" target=\"_blank\" rel=\"noopener\"><strong>ABF Stockholm (Sveav\u00e4gen 41)\u3000Dansstudio Svea (K\u00e4llare 2)<\/strong><\/a><\/h4>\n<h4>Tid: 10.30-12.00\u00a0 P\u00e5 l\u00f6dagar<\/h4>\n<p>Januari; 10, 17, 31<br \/>\nFebruari; 7, 21, 28<br \/>\nMars; 7, 21, 28<br \/>\nApril; 4, 11, 25<br \/>\nMaj; 9, 16, 23<br \/>\nJuni; 13, 27<\/p>\n<h4>Kursavgift<\/h4>\n<p>Prova p\u00e5 lektion\u00a0 100kr<br \/>\nDrop-in\u00a0 250kr<br \/>\nklippkort<br \/>\n15 ggr\u00a0 2550kr<br \/>\n10 ggr\u00a0 2000kr<br \/>\n5 ggr\u00a0 1150kr<\/p>\n<h2>TaiChi utomhus i juli och augusti i 2025.<\/h2>\n<p>F\u00f6r mer information klicka <a href=\"https:\/\/nagomitorget.com\/sv\/ute2025\/\"><strong>H\u00c4R<\/strong><\/a><\/p>\n<hr \/>\n<h2>Ans\u00f6kan till prova p\u00e5 lektion<\/h2>\n\n<div class=\"wpcf7 no-js\" id=\"wpcf7-f1564-o1\" lang=\"ja\" dir=\"ltr\" data-wpcf7-id=\"1564\">\n<div class=\"screen-reader-response\"><p role=\"status\" aria-live=\"polite\" aria-atomic=\"true\"><\/p> <ul><\/ul><\/div>\n<form action=\"\/sv\/wp-json\/wp\/v2\/pages\/1498#wpcf7-f1564-o1\" method=\"post\" class=\"wpcf7-form init\" aria-label=\"\u30b3\u30f3\u30bf\u30af\u30c8\u30d5\u30a9\u30fc\u30e0\" novalidate=\"novalidate\" data-status=\"init\">\n<fieldset class=\"hidden-fields-container\"><input type=\"hidden\" name=\"_wpcf7\" value=\"1564\" \/><input type=\"hidden\" name=\"_wpcf7_version\" value=\"6.1.4\" \/><input type=\"hidden\" name=\"_wpcf7_locale\" value=\"ja\" \/><input type=\"hidden\" name=\"_wpcf7_unit_tag\" value=\"wpcf7-f1564-o1\" \/><input type=\"hidden\" name=\"_wpcf7_container_post\" value=\"0\" \/><input type=\"hidden\" name=\"_wpcf7_posted_data_hash\" value=\"\" \/><input type=\"hidden\" name=\"_wpcf7_recaptcha_response\" value=\"\" \/>\n<\/fieldset>\n<p><label>Namn*<br \/>\n<span class=\"wpcf7-form-control-wrap\" data-name=\"your-name\"><input size=\"40\" maxlength=\"400\" class=\"wpcf7-form-control wpcf7-text wpcf7-validates-as-required\" aria-required=\"true\" aria-invalid=\"false\" value=\"\" type=\"text\" name=\"your-name\" \/><\/span> <\/label>\n<\/p>\n<p><label>E-mail*<br \/>\n<span class=\"wpcf7-form-control-wrap\" data-name=\"your-email\"><input size=\"40\" maxlength=\"400\" class=\"wpcf7-form-control wpcf7-email wpcf7-validates-as-required wpcf7-text wpcf7-validates-as-email\" aria-required=\"true\" aria-invalid=\"false\" value=\"\" type=\"email\" name=\"your-email\" \/><\/span> <\/label>\n<\/p>\n<p><label>mobilnummer*<br \/>\n<span class=\"wpcf7-form-control-wrap\" data-name=\"your-phone\"><input size=\"40\" maxlength=\"400\" class=\"wpcf7-form-control wpcf7-tel wpcf7-validates-as-required wpcf7-text wpcf7-validates-as-tel\" aria-required=\"true\" aria-invalid=\"false\" value=\"\" type=\"tel\" name=\"your-phone\" \/><\/span><\/label>\n<\/p>\n<p><label>Meddelande*<br \/>\n<span class=\"wpcf7-form-control-wrap\" data-name=\"your-message\"><textarea cols=\"40\" rows=\"10\" maxlength=\"2000\" class=\"wpcf7-form-control wpcf7-textarea\" aria-invalid=\"false\" name=\"your-message\"><\/textarea><\/span> <\/label>\n<\/p>\n<p><input class=\"wpcf7-form-control wpcf7-submit has-spinner\" type=\"submit\" value=\"\u9001\u4fe1\" \/>\n<\/p><div class=\"wpcf7-response-output\" aria-hidden=\"true\"><\/div>\n<\/form>\n<\/div>\n\n","protected":false},"excerpt":{"rendered":"<p>Tai Chi \u00e4r fr\u00e5n b\u00f6rjan en kinesisk stridskonst och kampkonst som p\u00e5 senare tid har utvecklats till vad som n\u00e4r&#8230;<\/p>\n","protected":false},"author":1,"featured_media":1338,"parent":0,"menu_order":0,"comment_status":"closed","ping_status":"closed","template":"","meta":{"_locale":"sv_SE","_original_post":"1445","footnotes":""},"class_list":["post-1498","page","type-page","status-publish","has-post-thumbnail","hentry","sv-SE"],"_links":{"self":[{"href":"https:\/\/nagomitorget.com\/wp-json\/wp\/v2\/pages\/1498","targetHints":{"allow":["GET"]}}],"collection":[{"href":"https:\/\/nagomitorget.com\/wp-json\/wp\/v2\/pages"}],"about":[{"href":"https:\/\/nagomitorget.com\/wp-json\/wp\/v2\/types\/page"}],"author":[{"embeddable":true,"href":"https:\/\/nagomitorget.com\/wp-json\/wp\/v2\/users\/1"}],"replies":[{"embeddable":true,"href":"https:\/\/nagomitorget.com\/wp-json\/wp\/v2\/comments?post=1498"}],"version-history":[{"count":89,"href":"https:\/\/nagomitorget.com\/wp-json\/wp\/v2\/pages\/1498\/revisions"}],"predecessor-version":[{"id":2799,"href":"https:\/\/nagomitorget.com\/wp-json\/wp\/v2\/pages\/1498\/revisions\/2799"}],"wp:featuredmedia":[{"embeddable":true,"href":"https:\/\/nagomitorget.com\/wp-json\/wp\/v2\/media\/1338"}],"wp:attachment":[{"href":"https:\/\/nagomitorget.com\/wp-json\/wp\/v2\/media?parent=1498"}],"curies":[{"name":"wp","href":"https:\/\/api.w.org\/{rel}","templated":true}]}}