{"id":1514,"date":"2018-08-01T14:19:40","date_gmt":"2018-08-01T05:19:40","guid":{"rendered":"https:\/\/nagomitorget.com\/?page_id=1514"},"modified":"2023-04-24T02:09:46","modified_gmt":"2023-04-23T17:09:46","slug":"profile","status":"publish","type":"page","link":"https:\/\/nagomitorget.com\/sv\/profile\/","title":{"rendered":"Om oss"},"content":{"rendered":"<p><img loading=\"lazy\" decoding=\"async\" class=\"alignleft size-medium wp-image-1329\" src=\"https:\/\/nagomitorget.com\/wp-content\/uploads\/2018\/07\/DSC_6654a-244x300.jpg\" alt=\"\u5199\u771f\uff1a\u83c5\u91ce\u771f\u8a18\u5b50\u30fb\u8fd1\u5f71\" width=\"244\" height=\"300\" srcset=\"https:\/\/nagomitorget.com\/wp-content\/uploads\/2018\/07\/DSC_6654a-244x300.jpg 244w, https:\/\/nagomitorget.com\/wp-content\/uploads\/2018\/07\/DSC_6654a-768x944.jpg 768w, https:\/\/nagomitorget.com\/wp-content\/uploads\/2018\/07\/DSC_6654a-833x1024.jpg 833w\" sizes=\"auto, (max-width: 244px) 100vw, 244px\" \/><\/p>\n<h2 class=\"wpb_heading wpb_gallery_heading\">Makiko Kanno<\/h2>\n<p style=\"text-align: left;\">Makiko b\u00f6rjade med traditionell Yangstil Taichi\u00a0 1986 i Tokyo. Hon studerade intensivt under\u00a0 fyra \u00e5r och blev diplomerad som l\u00e4rare. Efter det har hon undervisat i Osaka i 20 \u00e5r. I Sverige har hon h\u00e5llit egna kurser i Stockholm fr\u00e5n 2010.<br \/>\nHon undervisar Taichi activ, Teoretisk och fredlig.<\/p>\n<p>Makiko \u00e4r \u00e4ven diplomerad inom Axelson Gymnastiska Institut och Zen-Shiatsu Association i Japan och har arbetat som massageterapeut och shiatsuterapeut. Efter det studerade hon kraniosakralterapi p\u00e5 Upledger Institute i England och Tokyo och ut\u00f6kade behandlingsutbudet. Hon har behandlat m\u00e5nga patienter med egen speciell metod som blandade <span id=\"result_box\" class=\"short_text\" lang=\"sv\" tabindex=\"-1\">\u00f6st och v\u00e4sterl\u00e4ndska metod. Enligt den <\/span>h\u00f6g kvalitet teknik \u00e4r m\u00e5nga n\u00f6jda\u00a0med sin h\u00e4ngivna behandling.<\/p>\n<p>&nbsp;<\/p>\n<p style=\"text-align: left;\">\u00a0\u00a0\u00a0\u00a0\u00a0\u00a0\u00a0\u00a0 <img loading=\"lazy\" decoding=\"async\" class=\"alignnone wp-image-2026\" src=\"https:\/\/nagomitorget.com\/wp-content\/uploads\/2019\/03\/DSC_0842a.jpg\" alt=\"\" width=\"366\" height=\"279\" srcset=\"https:\/\/nagomitorget.com\/wp-content\/uploads\/2019\/03\/DSC_0842a.jpg 1008w, https:\/\/nagomitorget.com\/wp-content\/uploads\/2019\/03\/DSC_0842a-300x229.jpg 300w, https:\/\/nagomitorget.com\/wp-content\/uploads\/2019\/03\/DSC_0842a-768x585.jpg 768w\" sizes=\"auto, (max-width: 366px) 100vw, 366px\" \/><img loading=\"lazy\" decoding=\"async\" class=\"wp-image-2020 alignright\" src=\"https:\/\/nagomitorget.com\/wp-content\/uploads\/2019\/03\/DSC_0893a-1024x681.jpg\" alt=\"\" width=\"327\" height=\"218\" srcset=\"https:\/\/nagomitorget.com\/wp-content\/uploads\/2019\/03\/DSC_0893a.jpg 1024w, https:\/\/nagomitorget.com\/wp-content\/uploads\/2019\/03\/DSC_0893a-300x200.jpg 300w, https:\/\/nagomitorget.com\/wp-content\/uploads\/2019\/03\/DSC_0893a-768x511.jpg 768w\" sizes=\"auto, (max-width: 327px) 100vw, 327px\" \/><\/p>\n<p>&nbsp;<\/p>\n<p>&nbsp;<\/p>\n<p>&nbsp;<\/p>\n","protected":false},"excerpt":{"rendered":"<p>Makiko Kanno Makiko b\u00f6rjade med traditionell Yangstil Taichi\u00a0 1986 i Tokyo. Hon studerade intensivt under\u00a0 fyr&#8230;<\/p>\n","protected":false},"author":1,"featured_media":0,"parent":0,"menu_order":0,"comment_status":"closed","ping_status":"closed","template":"","meta":{"_locale":"sv_SE","_original_post":"1511","footnotes":""},"class_list":["post-1514","page","type-page","status-publish","hentry","sv-SE"],"_links":{"self":[{"href":"https:\/\/nagomitorget.com\/wp-json\/wp\/v2\/pages\/1514","targetHints":{"allow":["GET"]}}],"collection":[{"href":"https:\/\/nagomitorget.com\/wp-json\/wp\/v2\/pages"}],"about":[{"href":"https:\/\/nagomitorget.com\/wp-json\/wp\/v2\/types\/page"}],"author":[{"embeddable":true,"href":"https:\/\/nagomitorget.com\/wp-json\/wp\/v2\/users\/1"}],"replies":[{"embeddable":true,"href":"https:\/\/nagomitorget.com\/wp-json\/wp\/v2\/comments?post=1514"}],"version-history":[{"count":10,"href":"https:\/\/nagomitorget.com\/wp-json\/wp\/v2\/pages\/1514\/revisions"}],"predecessor-version":[{"id":2484,"href":"https:\/\/nagomitorget.com\/wp-json\/wp\/v2\/pages\/1514\/revisions\/2484"}],"wp:attachment":[{"href":"https:\/\/nagomitorget.com\/wp-json\/wp\/v2\/media?parent=1514"}],"curies":[{"name":"wp","href":"https:\/\/api.w.org\/{rel}","templated":true}]}}